{"id":2487,"date":"2024-09-12T17:11:13","date_gmt":"2024-09-12T15:11:13","guid":{"rendered":"https:\/\/sepa2025.es\/sede\/"},"modified":"2025-09-23T16:07:30","modified_gmt":"2025-09-23T14:07:30","slug":"sede","status":"publish","type":"page","link":"https:\/\/sepa2025.es\/en\/sede\/","title":{"rendered":"Venue"},"content":{"rendered":"<p>[et_pb_section fb_built=&#8221;1&#8243; custom_padding_last_edited=&#8221;on|tablet&#8221; _builder_version=&#8221;4.27.4&#8243; _module_preset=&#8221;default&#8221; background_color=&#8221;#a5a5a5&#8243; use_background_color_gradient=&#8221;on&#8221; background_color_gradient_stops=&#8221;rgba(0,0,0,0) 51%|#000000 100%&#8221; background_color_gradient_overlays_image=&#8221;on&#8221; background_image=&#8221;https:\/\/sepa2025.es\/wp-content\/uploads\/2025\/04\/CCIBarcelona.webp&#8221; background_position=&#8221;bottom_center&#8221; background_vertical_offset=&#8221;30%&#8221; background_enable_video_mp4=&#8221;off&#8221; min_height=&#8221;40vh&#8221; min_height_tablet=&#8221;150px&#8221; min_height_phone=&#8221;150px&#8221; min_height_last_edited=&#8221;on|tablet&#8221; custom_padding=&#8221;200px||||false|false&#8221; custom_padding_tablet=&#8221;150px||||false|false&#8221; custom_padding_phone=&#8221;100px||||false|false&#8221; locked=&#8221;off&#8221; global_colors_info=&#8221;{%22gcid-068cb8ff-bc36-4f5a-8d2d-f9b7ca5b0887%22:%91%22background_color_gradient_stops%22%93}&#8221; custom_css_main_element_last_edited=&#8221;off|phone&#8221;][et_pb_row column_structure=&#8221;1_2,1_2&#8243; use_custom_gutter=&#8221;on&#8221; make_equal=&#8221;on&#8221; custom_padding_last_edited=&#8221;on|tablet&#8221; _builder_version=&#8221;4.27.4&#8243; _module_preset=&#8221;default&#8221; width=&#8221;100%&#8221; max_width=&#8221;1400px&#8221; min_height=&#8221;35vh&#8221; min_height_tablet=&#8221;35vh&#8221; min_height_phone=&#8221;35vh&#8221; min_height_last_edited=&#8221;on|tablet&#8221; custom_margin=&#8221;||0px||false|false&#8221; custom_padding=&#8221;||5px||false|false&#8221; custom_padding_tablet=&#8221;|20px||20px|false|true&#8221; custom_padding_phone=&#8221;100px|20px|0px|20px|false|true&#8221; global_colors_info=&#8221;{}&#8221; custom_css_main_element_last_edited=&#8221;on|phone&#8221; custom_css_main_element_tablet=&#8221;display:flex;&#8221; custom_css_main_element_phone=&#8221;display:block;&#8221;][et_pb_column type=&#8221;1_2&#8243; _builder_version=&#8221;4.27.4&#8243; _module_preset=&#8221;default&#8221; custom_css_main_element=&#8221;display:flex;||flex-direction:column;&#8221; global_colors_info=&#8221;{}&#8221; custom_css_main_element_last_edited=&#8221;on|tablet&#8221; custom_css_main_element_tablet=&#8221;width:49%!important;||margin-top:auto;||margin-bottom:30px;&#8221; custom_css_main_element_phone=&#8221;width:100%!important;&#8221;][et_pb_text disabled_on=&#8221;on|off|off&#8221; _builder_version=&#8221;4.27.4&#8243; _module_preset=&#8221;default&#8221; header_font=&#8221;Neue Haas Grotesk Display Pro 45 Light||||||||&#8221; header_text_color=&#8221;#FFFFFF&#8221; header_font_size=&#8221;4.6rem&#8221; custom_margin=&#8221;auto||0px||false|false&#8221; custom_margin_tablet=&#8221;auto||||false|false&#8221; custom_margin_phone=&#8221;||-20px||false|false&#8221; custom_margin_last_edited=&#8221;on|tablet&#8221; custom_padding_tablet=&#8221;15px||||false|false&#8221; custom_padding_phone=&#8221;40px||||false|false&#8221; custom_padding_last_edited=&#8221;on|phone&#8221; header_text_align_tablet=&#8221;&#8221; header_text_align_phone=&#8221;center&#8221; header_text_align_last_edited=&#8221;on|phone&#8221; header_font_size_tablet=&#8221;3rem&#8221; header_font_size_phone=&#8221;3rem&#8221; header_font_size_last_edited=&#8221;on|tablet&#8221; global_colors_info=&#8221;{}&#8221;]<\/p>\n<h1>Venue<\/h1>\n<p>[\/et_pb_text][\/et_pb_column][et_pb_column type=&#8221;1_2&#8243; _builder_version=&#8221;4.27.4&#8243; _module_preset=&#8221;default&#8221; custom_css_main_element=&#8221;display:flex;||flex-direction:column;&#8221; global_colors_info=&#8221;{}&#8221; custom_css_main_element_last_edited=&#8221;on|phone&#8221; custom_css_main_element_tablet=&#8221;width:49%!important;||margin-top:auto;||margin-bottom:30px!important;&#8221; custom_css_main_element_phone=&#8221;width:100%!important;&#8221;][et_pb_image src=&#8221;https:\/\/sepa2025.es\/wp-content\/uploads\/2025\/01\/logo-sepa25-w.svg&#8221; title_text=&#8221;sepa25&#8243; src_tablet=&#8221;https:\/\/sepa2025.es\/wp-content\/uploads\/2025\/01\/logo-sepa25-w.svg&#8221; src_phone=&#8221;&#8221; src_last_edited=&#8221;on|phone&#8221; align_tablet=&#8221;&#8221; align_phone=&#8221;center&#8221; align_last_edited=&#8221;on|phone&#8221; _builder_version=&#8221;4.27.4&#8243; _module_preset=&#8221;default&#8221; width=&#8221;100%&#8221; max_width=&#8221;200px&#8221; module_alignment=&#8221;right&#8221; custom_margin=&#8221;auto||0px||false|false&#8221; custom_margin_tablet=&#8221;auto||||false|false&#8221; custom_margin_phone=&#8221;0px|auto|auto|auto|false|true&#8221; custom_margin_last_edited=&#8221;on|phone&#8221; module_alignment_tablet=&#8221;right&#8221; module_alignment_phone=&#8221;center&#8221; module_alignment_last_edited=&#8221;on|tablet&#8221; global_colors_info=&#8221;{}&#8221;][\/et_pb_image][et_pb_text disabled_on=&#8221;off|on|on&#8221; _builder_version=&#8221;4.27.4&#8243; _module_preset=&#8221;default&#8221; header_font=&#8221;Neue Haas Grotesk Display Pro 45 Light||||||||&#8221; header_text_color=&#8221;#FFFFFF&#8221; header_font_size=&#8221;4.6rem&#8221; custom_margin=&#8221;auto||0px||false|false&#8221; custom_margin_tablet=&#8221;auto||||false|false&#8221; custom_margin_phone=&#8221;||-20px||false|false&#8221; custom_margin_last_edited=&#8221;on|tablet&#8221; custom_padding_tablet=&#8221;15px||||false|false&#8221; custom_padding_phone=&#8221;40px||||false|false&#8221; custom_padding_last_edited=&#8221;on|phone&#8221; header_text_align_tablet=&#8221;&#8221; header_text_align_phone=&#8221;center&#8221; header_text_align_last_edited=&#8221;on|phone&#8221; header_font_size_tablet=&#8221;3rem&#8221; header_font_size_phone=&#8221;3rem&#8221; header_font_size_last_edited=&#8221;on|tablet&#8221; global_colors_info=&#8221;{}&#8221;]<\/p>\n<h1>Venue<\/h1>\n<p>[\/et_pb_text][\/et_pb_column][\/et_pb_row][\/et_pb_section][et_pb_section fb_built=&#8221;1&#8243; custom_padding_last_edited=&#8221;on|phone&#8221; _builder_version=&#8221;4.27.4&#8243; _module_preset=&#8221;default&#8221; background_color=&#8221;RGBA(255,255,255,0)&#8221; use_background_color_gradient=&#8221;on&#8221; background_color_gradient_direction=&#8221;90deg&#8221; background_color_gradient_stops=&#8221;#ffffff 0%|#ffffff 50%|rgba(43,139,215,0) 50%&#8221; background_color_gradient_overlays_image=&#8221;on&#8221; background_image=&#8221;https:\/\/sepa2025.es\/wp-content\/uploads\/2025\/04\/sede-001b.jpg&#8221; background_size=&#8221;initial&#8221; background_position=&#8221;top_right&#8221; background_horizontal_offset=&#8221;0%&#8221; background_vertical_offset=&#8221;90%&#8221; custom_padding_tablet=&#8221;&#8221; custom_padding_phone=&#8221;||0px||false|false&#8221; background_last_edited=&#8221;on|tablet&#8221; background_enable_image_tablet=&#8221;off&#8221; background_enable_image_phone=&#8221;off&#8221; global_colors_info=&#8221;{}&#8221;][et_pb_row column_structure=&#8221;3_5,2_5&#8243; use_custom_gutter=&#8221;on&#8221; gutter_width=&#8221;2&#8243; make_equal=&#8221;on&#8221; _builder_version=&#8221;4.27.4&#8243; _module_preset=&#8221;default&#8221; width_phone=&#8221;90%&#8221; width_last_edited=&#8221;off|desktop&#8221; max_width=&#8221;1400px&#8221; custom_margin_tablet=&#8221;0px||||false|false&#8221; custom_margin_phone=&#8221;0px||||false|false&#8221; custom_margin_last_edited=&#8221;off|desktop&#8221; custom_padding=&#8221;||||false|false&#8221; global_colors_info=&#8221;{}&#8221;][et_pb_column type=&#8221;3_5&#8243; _builder_version=&#8221;4.27.4&#8243; _module_preset=&#8221;default&#8221; global_colors_info=&#8221;{}&#8221; custom_css_main_element_last_edited=&#8221;off|desktop&#8221; custom_css_main_element_phone=&#8221;display:block;&#8221; custom_css_main_element_tablet=&#8221;display:block;&#8221;][et_pb_image src=&#8221;https:\/\/sepa2025.es\/wp-content\/uploads\/2024\/09\/CCIB_Logotip20anys_ESP-2048&#215;561-1.png&#8221; title_text=&#8221;CCIB&#8221; _builder_version=&#8221;4.27.4&#8243; _module_preset=&#8221;default&#8221; position_origin_a=&#8221;bottom_left&#8221; horizontal_offset_tablet=&#8221;&#8221; horizontal_offset_phone=&#8221;-15px&#8221; horizontal_offset_last_edited=&#8221;on|desktop&#8221; position_origin_a_tablet=&#8221;bottom_left&#8221; position_origin_a_phone=&#8221;bottom_left&#8221; position_origin_a_last_edited=&#8221;on|phone&#8221; position_origin_f_tablet=&#8221;&#8221; position_origin_f_phone=&#8221;&#8221; position_origin_f_last_edited=&#8221;on|phone&#8221; position_origin_r_tablet=&#8221;&#8221; position_origin_r_phone=&#8221;&#8221; position_origin_r_last_edited=&#8221;on|phone&#8221; width=&#8221;240px&#8221; width_tablet=&#8221;34%&#8221; width_phone=&#8221;80%&#8221; width_last_edited=&#8221;on|phone&#8221; custom_margin=&#8221;0px|10px|0px||false|false&#8221; custom_margin_tablet=&#8221;0px||||false|false&#8221; custom_margin_phone=&#8221;||||false|false&#8221; custom_margin_last_edited=&#8221;on|phone&#8221; custom_padding=&#8221;||0px||false|false&#8221; positioning_tablet=&#8221;&#8221; positioning_phone=&#8221;relative&#8221; positioning_last_edited=&#8221;on|phone&#8221; module_alignment_tablet=&#8221;&#8221; module_alignment_phone=&#8221;left&#8221; module_alignment_last_edited=&#8221;on|phone&#8221; custom_css_main_element=&#8221;display:inline-block;&#8221; locked=&#8221;off&#8221; global_colors_info=&#8221;{}&#8221; custom_css_main_element_last_edited=&#8221;on|phone&#8221; custom_css_main_element_phone=&#8221;display:block;&#8221; custom_css_main_element_tablet=&#8221;display:inline-block;&#8221;][\/et_pb_image][et_pb_text _builder_version=&#8221;4.27.4&#8243; _module_preset=&#8221;default&#8221; header_2_font=&#8221;Neue Haas Grotesk Display Pro 45 Light|300|||||||&#8221; header_2_text_color=&#8221;#000000&#8243; header_2_font_size=&#8221;3.5rem&#8221; custom_margin_tablet=&#8221;-34px||||false|false&#8221; custom_margin_phone=&#8221;-35px||||false|false&#8221; custom_margin_last_edited=&#8221;off|desktop&#8221; custom_padding=&#8221;||||false|false&#8221; header_2_font_size_tablet=&#8221;2.8rem&#8221; header_2_font_size_phone=&#8221;2.5rem&#8221; header_2_font_size_last_edited=&#8221;on|tablet&#8221; global_colors_info=&#8221;{}&#8221;]<\/p>\n<h2>Barcelona International <br \/>Convention Centre (<b>CCIB<\/b>)<\/h2>\n<p>[\/et_pb_text][\/et_pb_column][et_pb_column type=&#8221;2_5&#8243; _builder_version=&#8221;4.21.0&#8243; _module_preset=&#8221;default&#8221; global_colors_info=&#8221;{}&#8221;][\/et_pb_column][\/et_pb_row][et_pb_row column_structure=&#8221;2_5,3_5&#8243; use_custom_gutter=&#8221;on&#8221; gutter_width=&#8221;2&#8243; make_equal=&#8221;on&#8221; _builder_version=&#8221;4.27.4&#8243; _module_preset=&#8221;default&#8221; width_tablet=&#8221;100%&#8221; width_phone=&#8221;80%&#8221; width_last_edited=&#8221;off|desktop&#8221; max_width=&#8221;1400px&#8221; custom_margin_tablet=&#8221;-80px||||false|false&#8221; custom_margin_phone=&#8221;-60px||||false|false&#8221; custom_margin_last_edited=&#8221;on|tablet&#8221; custom_padding=&#8221;||||false|false&#8221; hover_enabled=&#8221;0&#8243; global_colors_info=&#8221;{}&#8221; sticky_enabled=&#8221;0&#8243;][et_pb_column type=&#8221;2_5&#8243; _builder_version=&#8221;4.27.4&#8243; _module_preset=&#8221;default&#8221; global_colors_info=&#8221;{}&#8221; custom_css_main_element_last_edited=&#8221;off|desktop&#8221; custom_css_main_element_phone=&#8221;display:block;&#8221; custom_css_main_element_tablet=&#8221;display:block;&#8221;][et_pb_text _builder_version=&#8221;4.27.4&#8243; _module_preset=&#8221;default&#8221; text_font=&#8221;Neue Haas Display Pro 55 Roman||||||||&#8221; text_font_size=&#8221;1.2rem&#8221; text_line_height=&#8221;1.5em&#8221; header_3_font=&#8221;Poppins|300|||||||&#8221; header_3_text_color=&#8221;#000000&#8243; header_3_font_size=&#8221;18px&#8221; header_3_line_height=&#8221;1.3em&#8221; header_4_font=&#8221;Poppins|300|||||||&#8221; header_4_text_color=&#8221;#777777&#8243; header_4_font_size=&#8221;16px&#8221; header_4_line_height=&#8221;1.2em&#8221; text_orientation=&#8221;justified&#8221; custom_padding=&#8221;||0px|||&#8221; global_colors_info=&#8221;{}&#8221;]<\/p>\n<p>Inaugurado en 2004 con motivo del Foro Universal de las Culturas, el Centro de Convenciones Internacional de Barcelona (CCIB) se ha convertido en un referente a nivel europeo como sede para la organizaci\u00f3n de eventos.<\/p>\n<p>Con una ubicaci\u00f3n privilegiada en una ciudad moderna y cosmopolita como Barcelona, el Centro se encuentra dentro del distrito tecnol\u00f3gico y de negocios de la ciudad conocido como 22@.<\/p>\n<p>[\/et_pb_text][\/et_pb_column][et_pb_column type=&#8221;3_5&#8243; _builder_version=&#8221;4.21.0&#8243; _module_preset=&#8221;default&#8221; global_colors_info=&#8221;{}&#8221;][et_pb_image title_text=&#8221;CCIB&#8221; align=&#8221;center&#8221; force_fullwidth=&#8221;on&#8221; src_tablet=&#8221;https:\/\/sepa2025.es\/wp-content\/uploads\/2025\/01\/carousel-sede2.jpg&#8221; src_phone=&#8221;https:\/\/sepa2025.es\/wp-content\/uploads\/2025\/01\/carousel-sede2.jpg&#8221; src_last_edited=&#8221;on|phone&#8221; _builder_version=&#8221;4.27.4&#8243; _module_preset=&#8221;default&#8221; global_colors_info=&#8221;{}&#8221;][\/et_pb_image][\/et_pb_column][\/et_pb_row][\/et_pb_section][et_pb_section fb_built=&#8221;1&#8243; custom_padding_last_edited=&#8221;on|phone&#8221; _builder_version=&#8221;4.27.4&#8243; _module_preset=&#8221;default&#8221; background_color=&#8221;RGBA(255,255,255,0)&#8221; background_enable_image=&#8221;off&#8221; background_size=&#8221;contain&#8221; background_position=&#8221;top_left&#8221; custom_padding_tablet=&#8221;&#8221; custom_padding_phone=&#8221;0px||||false|false&#8221; hover_enabled=&#8221;0&#8243; global_colors_info=&#8221;{}&#8221; sticky_enabled=&#8221;0&#8243;][et_pb_row column_structure=&#8221;1_2,1_2&#8243; use_custom_gutter=&#8221;on&#8221; gutter_width=&#8221;2&#8243; make_equal=&#8221;on&#8221; _builder_version=&#8221;4.27.4&#8243; _module_preset=&#8221;default&#8221; width_phone=&#8221;90%&#8221; width_last_edited=&#8221;off|desktop&#8221; max_width=&#8221;1400px&#8221; custom_margin=&#8221;40px|auto||auto||&#8221; custom_margin_tablet=&#8221;-80px|auto||auto|false|false&#8221; custom_margin_phone=&#8221;20px|auto||auto|false|false&#8221; custom_margin_last_edited=&#8221;on|tablet&#8221; hover_enabled=&#8221;0&#8243; global_colors_info=&#8221;{}&#8221; sticky_enabled=&#8221;0&#8243;][et_pb_column type=&#8221;1_2&#8243; _builder_version=&#8221;4.27.4&#8243; _module_preset=&#8221;default&#8221; global_colors_info=&#8221;{}&#8221;][et_pb_text _builder_version=&#8221;4.27.4&#8243; _module_preset=&#8221;default&#8221; header_3_font=&#8221;Neue Haas Grotesk Display Pro 75 Bold||||||||&#8221; header_3_text_color=&#8221;gcid-43fb058c-4480-4f0e-a82a-9f60e21c3aeb&#8221; header_3_font_size=&#8221;2rem&#8221; custom_margin_tablet=&#8221;&#8221; custom_margin_phone=&#8221;-40px||||false|false&#8221; custom_margin_last_edited=&#8221;on|phone&#8221; custom_padding=&#8221;20px||||false|false&#8221; custom_padding_tablet=&#8221;20px||||false|false&#8221; custom_padding_phone=&#8221;0px||||false|false&#8221; custom_padding_last_edited=&#8221;on|phone&#8221; global_colors_info=&#8221;{%22gcid-43fb058c-4480-4f0e-a82a-9f60e21c3aeb%22:%91%22header_3_text_color%22%93}&#8221;]<\/p>\n<h3>C\u00f3mo llegar<\/h3>\n<p>[\/et_pb_text][et_pb_text _builder_version=&#8221;4.27.4&#8243; _module_preset=&#8221;default&#8221; text_font=&#8221;Neue Haas Display Pro 55 Roman||||||||&#8221; text_text_color=&#8221;#000000&#8243; text_font_size=&#8221;1rem&#8221; header_3_font=&#8221;Neue Haas Grotesk Display Pro 75 Bold||||||||&#8221; header_3_font_size=&#8221;2rem&#8221; global_colors_info=&#8221;{}&#8221;]<strong>METRO<\/strong><br \/>\nL4 amarilla \/ parada El Maresme \/ F\u00f3rum.<\/p>\n<p><strong><span>AUTOB\u00daS<\/span><\/strong><br \/>\nDe Sants Estaci\u00f3n H10+7 \/ H8+7<br \/>\nDe Plaza Catalu\u00f1a la H16<br \/>\nDe Plaza Catalu\u00f1a la l\u00ednea 7<\/p>\n<p><strong>TRAM<\/strong><br \/>\nL\u00ednea T4 desde Ciutadella\/Villa Ol\u00edmpica hasta la Estaci\u00f3n de Sant Adri\u00e0.[\/et_pb_text][et_pb_button button_url=&#8221;https:\/\/maps.app.goo.gl\/5V2R1qSHtxeigbCP6&#8243; url_new_window=&#8221;on&#8221; button_text=&#8221;Pla\u00e7a de Willy Brandt, 11-14, Barcelona&#8221; button_alignment_tablet=&#8221;&#8221; button_alignment_phone=&#8221;center&#8221; button_alignment_last_edited=&#8221;on|phone&#8221; module_id=&#8221;ccib-bot&#8221; _builder_version=&#8221;4.27.4&#8243; _module_preset=&#8221;default&#8221; custom_button=&#8221;on&#8221; button_text_size=&#8221;18px&#8221; button_text_color=&#8221;gcid-43fb058c-4480-4f0e-a82a-9f60e21c3aeb&#8221; button_bg_color=&#8221;#FFFFFF&#8221; button_border_color=&#8221;gcid-43fb058c-4480-4f0e-a82a-9f60e21c3aeb&#8221; button_border_radius=&#8221;30px&#8221; button_font=&#8221;Neue Haas Grotesk Display Pro 65 Medium||||||||&#8221; button_icon=&#8221;&#xe081;||divi||400&#8243; button_icon_color=&#8221;gcid-43fb058c-4480-4f0e-a82a-9f60e21c3aeb&#8221; button_icon_placement=&#8221;left&#8221; button_on_hover=&#8221;off&#8221; custom_margin=&#8221;40px|||-5px|false|false&#8221; custom_margin_tablet=&#8221;0px||||false|false&#8221; custom_margin_phone=&#8221;0px||||false|false&#8221; custom_margin_last_edited=&#8221;off|desktop&#8221; button_text_size_tablet=&#8221;18px&#8221; button_text_size_phone=&#8221;16px&#8221; button_text_size_last_edited=&#8221;on|phone&#8221; button_bg_color_last_edited=&#8221;off|desktop&#8221; custom_css_main_element=&#8221;display:inline-block;&#8221; locked=&#8221;off&#8221; global_colors_info=&#8221;{%22gcid-43fb058c-4480-4f0e-a82a-9f60e21c3aeb%22:%91%22button_bg_color__hover%22,%22button_text_color%22,%22button_border_color%22,%22button_icon_color%22%93}&#8221; button_bg_color__hover_enabled=&#8221;on|hover&#8221; button_bg_color__hover=&#8221;#9093f1&#8243; button_bg_enable_color__hover=&#8221;on&#8221; button_text_color__hover_enabled=&#8221;on|hover&#8221; button_text_color__hover=&#8221;#FFFFFF&#8221; button_border_color__hover_enabled=&#8221;on|hover&#8221; button_border_color__hover=&#8221;#FFFFFF&#8221; button_icon_color__hover_enabled=&#8221;on|hover&#8221; button_icon_color__hover=&#8221;#FFFFFF&#8221;][\/et_pb_button][\/et_pb_column][et_pb_column type=&#8221;1_2&#8243; _builder_version=&#8221;4.27.4&#8243; _module_preset=&#8221;default&#8221; global_colors_info=&#8221;{}&#8221;][et_pb_image src=&#8221;https:\/\/sepa2025.es\/wp-content\/uploads\/2025\/04\/Como-llegar-CCIB.jpg&#8221; title_text=&#8221;Como legar CCIB&#8221; align=&#8221;right&#8221; _builder_version=&#8221;4.27.4&#8243; _module_preset=&#8221;default&#8221; custom_margin=&#8221;||||false|false&#8221; global_colors_info=&#8221;{}&#8221;][\/et_pb_image][\/et_pb_column][\/et_pb_row][\/et_pb_section]<\/p>\n","protected":false},"excerpt":{"rendered":"<p>VenueVenueBarcelona International Convention Centre (CCIB)Inaugurado en 2004 con motivo del Foro Universal de las Culturas, el Centro de Convenciones Internacional de Barcelona (CCIB) se ha convertido en un referente a nivel europeo como sede para la organizaci\u00f3n de eventos. Con una ubicaci\u00f3n privilegiada en una ciudad moderna y cosmopolita como Barcelona, el Centro se encuentra [&hellip;]<\/p>\n","protected":false},"author":3,"featured_media":0,"parent":0,"menu_order":0,"comment_status":"closed","ping_status":"closed","template":"","meta":{"_et_pb_use_builder":"on","_et_pb_old_content":"","_et_gb_content_width":"","footnotes":""},"class_list":["post-2487","page","type-page","status-publish","hentry"],"_links":{"self":[{"href":"https:\/\/sepa2025.es\/en\/wp-json\/wp\/v2\/pages\/2487","targetHints":{"allow":["GET"]}}],"collection":[{"href":"https:\/\/sepa2025.es\/en\/wp-json\/wp\/v2\/pages"}],"about":[{"href":"https:\/\/sepa2025.es\/en\/wp-json\/wp\/v2\/types\/page"}],"author":[{"embeddable":true,"href":"https:\/\/sepa2025.es\/en\/wp-json\/wp\/v2\/users\/3"}],"replies":[{"embeddable":true,"href":"https:\/\/sepa2025.es\/en\/wp-json\/wp\/v2\/comments?post=2487"}],"version-history":[{"count":2,"href":"https:\/\/sepa2025.es\/en\/wp-json\/wp\/v2\/pages\/2487\/revisions"}],"predecessor-version":[{"id":2489,"href":"https:\/\/sepa2025.es\/en\/wp-json\/wp\/v2\/pages\/2487\/revisions\/2489"}],"wp:attachment":[{"href":"https:\/\/sepa2025.es\/en\/wp-json\/wp\/v2\/media?parent=2487"}],"curies":[{"name":"wp","href":"https:\/\/api.w.org\/{rel}","templated":true}]}}